{"id":1019,"date":"2024-05-05T17:36:17","date_gmt":"2024-05-05T16:36:17","guid":{"rendered":"http:\/\/www.botanik-sw.de\/BAS\/module\/wordpress\/?page_id=1019"},"modified":"2025-05-05T17:10:36","modified_gmt":"2025-05-05T16:10:36","slug":"links-pflanzendatenbanken","status":"publish","type":"page","link":"https:\/\/www.botanik-sw.de\/BAS\/module\/wordpress\/?page_id=1019","title":{"rendered":"Links zu Pflanzendatenbanken"},"content":{"rendered":"<p><a style=\"font-weight: 600;\" href=\"http:\/\/www.biologie.uni-ulm.de\/systax\/index_d.html\" target=\"_blank\" rel=\"noopener noreferrer\">http:\/\/www.biologie.uni-ulm.de\/systax\/index_d.html<\/a><br \/>\nSysTax &#8211; Datenbanksystem f\u00fcr Systematik und Taxonomie<\/p>\n<p>&nbsp;<\/p>\n<p>Gebietsbezogene Pflanzendatenbanken f\u00fcr<\/p>\n<p>\u2022 <a href=\"http:\/\/www.botanik-sw.de\/BAS\/module\/wordpress\/?page id=1019#de\">Deutschland<\/a><br \/>\n\u2022 <a href=\"http:\/\/www.botanik-sw.de\/BAS\/module\/wordpress\/?page id=1019#eu\">Europa<\/a><br \/>\n\u2022 <a href=\"http:\/\/www.botanik-sw.de\/BAS\/module\/wordpress\/?page id=1019#we\">Welt<\/a><\/p>\n<p>&nbsp;<\/p>\n<h4><a name=\"de\"><\/a> Pflanzendatenbanken <strong>in DEUTSCHLAND<\/strong><\/h4>\n<p style=\"padding-left: 30px;\"><a style=\"font-weight: 600;\" href=\"http:\/\/www.floraweb.de\/\" target=\"_blank\" rel=\"noopener noreferrer\">http:\/\/www.floraweb.de<\/a><br \/>\nDatenbank mit Artensteckbriefen zu \u00fcber 3.500 in Deutschland wild vorkommenden Sippen der Farn- und Bl\u00fctenpflanzen (Verbreitungskarte, Nomenklatur, Status, Gef\u00e4hrdung, Schutz, Fotogalerie); Datenbank mit Vegetationsaufnahmen; Zugriff auf die Standardliste und Rote Liste der Pflanzengesellschaften Deutschlands; interaktive Karte der potentiellen nat\u00fcrlichen Vegetation Deutschlands<\/p>\n<p style=\"padding-left: 30px;\"><a style=\"font-weight: 600;\" href=\"http:\/\/www.wisia.de\/\" target=\"_blank\" rel=\"noopener noreferrer\">http:\/\/www.wisia.de<\/a><br \/>\nArtenschutzdatenbank des Bundesamts f\u00fcr Naturschutz mit Informationen zum Schutzstatus von international und national gesch\u00fctzten Arten<\/p>\n<h4 style=\"padding-left: 30px;\">Baden-W\u00fcrttemberg<\/h4>\n<p style=\"padding-left: 30px;\"><a style=\"font-weight: 600;\" href=\"http:\/\/www.flora.naturkundemuseum-bw.de\/\" target=\"_blank\" rel=\"noopener noreferrer\">http:\/\/www.flora.naturkundemuseum-bw.de<\/a><br \/>\nVerbreitungskarten der \u201eFarn- und Bl\u00fctenpflanzen Baden-W\u00fcrttembergs\u201c als interaktive Karten mit regelm\u00e4\u00dfig aktualisiertem Kartierstand; Auflistung aller Kartierbeg\u00e4nge und Zugriff auf die Gesamtartenlisten der TK-Quadranten; Sammlung von Bestimmungshilfen f\u00fcr schwierig zu unterscheidende oder in den Bestimmungsb\u00fcchern noch nicht ausgeschl\u00fcsselte Arten<\/p>\n<p style=\"padding-left: 30px;\"><a style=\"font-weight: 600;\" href=\"http:\/\/www.orchids.de\/kt10\/index.html\" target=\"_blank\" rel=\"noopener noreferrer\">http:\/\/www.orchids.de\/kt10\/index.html<br \/>\n<\/a>Fundortdatenbank des Arbeitskreises Heimischer Orchideen Baden-W\u00fcrttemberg mit Verbreitungskarten<\/p>\n<h4 style=\"padding-left: 30px;\">Bayern<\/h4>\n<p style=\"padding-left: 30px;\"><a style=\"font-weight: 600;\" href=\"http:\/\/www.bayernflora.de\/\" target=\"_blank\" rel=\"noopener noreferrer\">http:\/\/www.bayernflora.de\/<\/a><\/p>\n<p style=\"padding-left: 30px;\">Datenbank zur Flora Bayerns (Systematik, Verbreitungskarte, Status, Gef\u00e4hrdung, \u00d6kologie, Abbildungen); Rote Liste der Gef\u00e4\u00dfpflanzen Bayerns; Auswertungskarten zu Gesamtanzahl der Sippen, Anzahl der Rote-Liste-Arten und Zeigerarten pro TK-Quadrant<\/p>\n<h4 style=\"padding-left: 30px;\">Hamburg<\/h4>\n<p style=\"padding-left: 30px;\"><a style=\"font-weight: 600;\" href=\"https:\/\/www.hamburg.de\/pflanzenartenschutz\/\">https:\/\/www.hamburg.de\/pflanzenartenschutz\/ <\/a><br \/>\nVerbreitungskarten des Online-Artenkatasters Hamburg<\/p>\n<h4 style=\"padding-left: 30px;\">Hessen<\/h4>\n<p style=\"padding-left: 30px;\"><a style=\"font-weight: 600;\" href=\"http:\/\/www.flora-hessen.de\/\" target=\"_blank\" rel=\"noopener noreferrer\">http:\/\/www.flora-hessen.de<\/a><br \/>\nDatenbank zu historischen und aktuellen Pflanzenfunden in Hessen mit Informationen zu Morphologie, \u00d6kologie, Gef\u00e4hrdung, Verbreitungskarten und Fotos von Herbarbelegen<\/p>\n<h4 style=\"padding-left: 30px;\">Mecklenburg-Vorpommern<\/h4>\n<p style=\"padding-left: 30px;\"><a style=\"font-weight: 600;\" href=\"http:\/\/www.flora-mv.de\/\" target=\"_blank\" rel=\"noopener noreferrer\">http:\/\/www.flora-mv.de<\/a><br \/>\nDatenbank mit Verbreitungskarten f\u00fcr Gef\u00e4\u00dfpflanzen, Moose, Flechten, Pilze und Gro\u00dfalgen<\/p>\n<h4 style=\"padding-left: 30px;\">Nordrhein-Westfalen<\/h4>\n<p style=\"padding-left: 30px;\"><a style=\"font-weight: 600;\" href=\"http:\/\/www.florenkartierung-nrw.de\/\" target=\"_blank\" rel=\"noopener noreferrer\">http:\/\/www.florenkartierung-nrw.de<\/a><br \/>\nInformationen zur Floristischen Kartierung in NRW (im Aufbau)<\/p>\n<h4 style=\"padding-left: 30px;\">Rheinland-Pfalz<\/h4>\n<p style=\"padding-left: 30px;\"><a style=\"font-weight: 600;\" href=\"http:\/\/map1.naturschutz.rlp.de\/\" target=\"_blank\" rel=\"noopener noreferrer\">http:\/\/map1.naturschutz.rlp.de<br \/>\n<\/a>Link zum Kartendienst LANIS (Landschaftsinformationssystem der Naturschutzverwaltung Rheinland-Pfalz) mit Abfragem\u00f6glichkeiten zur Verbreitung von Pflanzen- und Tierarten<\/p>\n<h4 style=\"padding-left: 30px;\">Saarland<\/h4>\n<p style=\"padding-left: 30px;\"><a href=\"https:\/\/www.delattinia.de\/node\/1034\"><strong>https:\/\/www.delattina.de\/node\/1034<\/strong><\/a><br \/>\nFaunistisch-Floristisches Informationsportal Saarland (FFIpS) Online<\/p>\n<h4 style=\"padding-left: 30px;\">Sonstige deutsche Regionen\/St\u00e4dte<\/h4>\n<p style=\"padding-left: 30px;\"><a style=\"font-weight: 600;\" href=\"http:\/\/flora-oberfranken.de\/\" target=\"_blank\" rel=\"noopener noreferrer\">http:\/\/flora-oberfranken.de<\/a><br \/>\nPflanzen-Datenbank der Flora Oberfrankens mit Artensteckbriefen (Standort, Verbreitung, Gef\u00e4hrdungsgrad, Fotos)<\/p>\n<p style=\"padding-left: 30px;\"><a style=\"font-weight: 600;\" href=\"http:\/\/www.flora-frankfurt.de\/\" target=\"_blank\" rel=\"noopener noreferrer\">http:\/\/www.flora-frankfurt.de<\/a><br \/>\nFlora von Frankfurt am Main mit Gesamtartenliste sowie Artensteckbriefen (Morphologie, Status, \u00d6kologie, Verbreitungskarte und Foto)<\/p>\n<p style=\"padding-left: 30px;\"><a href=\"#top\">zum Seitenanfang<\/a><\/p>\n<p>&nbsp;<\/p>\n<h4><a name=\"eu\"><\/a> Pflanzendatenbanken in <strong>EUROPA<\/strong><\/h4>\n<h4 style=\"padding-left: 30px;\">Flora europaea<\/h4>\n<p style=\"padding-left: 30px;\"><a style=\"font-weight: 600;\" href=\"http:\/\/rbg-web2.rbge.org.uk\/FE\/fe.html\" target=\"_blank\" rel=\"noopener noreferrer\">http:\/\/rbg-web2.rbge.org.uk\/FE\/fe.html<\/a><br \/>\nFlora europaea &#8211; Taxonomie und Verbreitung der Gef\u00e4\u00dfpflanzen Europas, Auszug aus PANDORA Datenbank<\/p>\n<h4 style=\"padding-left: 30px;\">Mittelmeer<\/h4>\n<p style=\"padding-left: 30px;\"><a style=\"font-weight: 600;\" href=\"https:\/\/www.mittelmeerflora.de\/index.htm\" target=\"_blank\" rel=\"noopener noreferrer\">https:\/\/www.mittelmeerflora.de\/index.htm<\/a><br \/>\nMittelmeer &#8211; und Alpenflora von Thomas Meyer und Michael Hassler<\/p>\n<h4 style=\"padding-left: 30px;\">Belgien<\/h4>\n<p style=\"padding-left: 30px;\"><a style=\"font-weight: 600;\" href=\"http:\/\/alienplantsbelgium.be\/\" target=\"_blank\" rel=\"noopener noreferrer\">http:\/\/alienplantsbelgium.be<\/a><br \/>\nManual of the Alien Plants of Belgium: Beschreibung und Bestimmungshilfen f\u00fcr Neophyten in Belgien<\/p>\n<h4 style=\"padding-left: 30px;\">Britische Inseln und Irland<\/h4>\n<p style=\"padding-left: 30px;\"><a style=\"font-weight: 600;\" href=\"http:\/\/www.bsbi.org.uk\/\" target=\"_blank\" rel=\"noopener noreferrer\">www.bsbi.org.uk<\/a><br \/>\nBotanical Society of Britain &amp; Ireland: Datenbanken und Verbreitungskarten zu Pflanzenarten in Gro\u00dfbritannien und Irland<\/p>\n<p style=\"padding-left: 30px;\"><a style=\"font-weight: 600;\" href=\"http:\/\/www.ecoflora.co.uk\/\" target=\"_blank\" rel=\"noopener noreferrer\">http:\/\/www.ecoflora.co.uk<\/a><br \/>\nEcological Database of the British Isles der University of York: Datenbank mit fast 4.000 h\u00f6heren Pflanzen der Britischen Inseln (Taxonomie, Morphologie, \u00d6kologie, Verbreitungskarten)<\/p>\n<h4 style=\"padding-left: 30px;\">Frankreich<\/h4>\n<p style=\"padding-left: 30px;\"><a style=\"font-weight: 600;\" href=\"http:\/\/inpn.mnhn.fr\/\" target=\"_blank\" rel=\"noopener noreferrer\">http:\/\/inpn.mnhn.fr<\/a><br \/>\nInventaire National du Patrimoine Naturel. Verbreitungskarten zu Biotopen (franz\u00f6sische FFH- und Viotopkartierung mit vollst\u00e4ndigen Artenlisten), Tier- und Pflanzenarten in Frankreich<\/p>\n<p style=\"padding-left: 30px;\"><a style=\"font-weight: 600;\" href=\"http:\/\/www.tela-botanica.org\/site:botanique?langue=fr\" target=\"_blank\" rel=\"noopener noreferrer\">http:\/\/www.tela-botanica.org\/site:botanique<\/a><br \/>\nTela botanica &#8211; Le r\u00e9seau de la botanique francophone. Datenbank mit Artensteckbriefen (Sytematik, Morphologie, \u00d6kologie, Literatur, Verbreitungskarte, Foto)<\/p>\n<p style=\"padding-left: 30px;\"><a style=\"font-weight: 600;\" href=\"http:\/\/www.floredefrance.com\/\" target=\"_blank\" rel=\"noopener noreferrer\">http:\/\/www.floredefrance.com<\/a><br \/>\nprivate Fundortdatenbank<\/p>\n<p style=\"padding-left: 30px;\"><a style=\"font-weight: 600;\" href=\"https:\/\/herbier.unistra.fr\/alsace-flore-vegetation-et-paysages\/flore-dalsace\/\" target=\"_blank\" rel=\"noopener noreferrer\">https:\/\/herbier.unistra.fr\/alsace-flore-vegetation-et-paysages\/flore-dalsace\/<\/a><br \/>\nFloristische Kartierung im Elsass<\/p>\n<p style=\"padding-left: 30px;\"><a style=\"font-weight: 600;\" href=\"http:\/\/www.floraine.net\/index.php?id=28\" target=\"_blank\" rel=\"noopener noreferrer\">http:\/\/www.floraine.net\/index.php?id=28<\/a><br \/>\nFloristische Kartierung in Lothringen<\/p>\n<h4 style=\"padding-left: 30px;\">Italien<\/h4>\n<p style=\"padding-left: 30px;\"><a style=\"font-weight: 600;\" href=\"https:\/\/dryades.units.it\/floritaly\/\" target=\"_blank\" rel=\"noopener noreferrer\">https:\/\/dryades.units.it\/floritaly\/<\/a><br \/>\nPortal zur Flora von Italien<\/p>\n<p style=\"padding-left: 30px;\"><a style=\"font-weight: 600;\" href=\"https:\/\/luirig.altervista.org\/index.php\" target=\"_blank\" rel=\"noopener noreferrer\">https:\/\/luirig.altervista.org\/index.php<\/a><br \/>\nFlora Italiana<\/p>\n<h4 style=\"padding-left: 30px;\">Niederlande<\/h4>\n<p style=\"padding-left: 30px;\"><a style=\"font-weight: 600;\" href=\"http:\/\/www.verspreidingsatlas.nl\/planten\" target=\"_blank\" rel=\"noopener noreferrer\">http:\/\/www.verspreidingsatlas.nl\/planten<\/a><br \/>\nVerbreitungskarten der Wildpflanzen der Niederlande<\/p>\n<h4 style=\"padding-left: 30px;\">\u00d6sterreich<\/h4>\n<p style=\"padding-left: 30px;\"><a style=\"font-weight: 600;\" href=\"http:\/\/www.flora-austriaca.at\/\" target=\"_blank\" rel=\"noopener noreferrer\">http:\/\/www.flora-austriaca.at<\/a><br \/>\noffene Datenbank mit Informationen zu \u00d6kologie, Verbreitung und Gef\u00e4hrdung von Pflanzenarten<\/p>\n<h4 style=\"padding-left: 30px;\">Schweiz<\/h4>\n<p style=\"padding-left: 30px;\"><a style=\"font-weight: 600;\" href=\"https:\/\/www.infoflora.ch\/de\/\" target=\"_blank\" rel=\"noopener noreferrer\">https:\/\/www.infoflora.ch\/de<br \/>\n<\/a>Seite des nationalen Daten- und Informationszentrums der Schweizer Flora: Datenbank mit Artensteckbriefen (Morphologie, Standort, Verbreitung,\u00a0 Nomenklatur, Gef\u00e4hrdung, \u00d6kologie, Ma\u00dfnahmen, Verbreitungskarte, Fotos)<\/p>\n<p style=\"padding-left: 30px;\"><a style=\"font-weight: 600;\" href=\"http:\/\/www.wsl.ch\/land\/products\/webflora\/welcome-de.ehtml\" target=\"_blank\" rel=\"noopener noreferrer\">http:\/\/www.wsl.ch\/land\/products\/webflora\/welcome-de.ehtml<\/a><br \/>\nswiss web flora: Datenbank mit Verbreitungskarte, Gef\u00e4hrdungsgrad und Zeigerwerten von Pflanzenarten sowie Auswertungskarten zur Artenvielfalt in der Schweiz<\/p>\n<p style=\"padding-left: 30px;\"><a style=\"font-weight: 600;\" href=\"https:\/\/www.florazh.ch\/index.php\" target=\"_blank\" rel=\"noopener noreferrer\">https:\/\/www.florazh.ch\/index.php<\/a><br \/>\nFlora des Kanton Z\u00fcrich<\/p>\n<h4 style=\"padding-left: 30px;\">Skandinavien<\/h4>\n<p style=\"padding-left: 30px;\"><a style=\"font-weight: 600;\" href=\"http:\/\/linnaeus.nrm.se\/flora\/\" target=\"_blank\" rel=\"noopener noreferrer\">http:\/\/linnaeus.nrm.se\/flora<\/a><br \/>\nSchwedische online-Flora mit Artensteckbrief, Fotos und Verbreitungskarten der Arten in Skandinavien und auf der Nordhalbkugel<\/p>\n<p style=\"padding-left: 30px;\"><a href=\"#top\">zum Seitenanfang<\/a><\/p>\n<h4><a name=\"we\"><\/a> Pflanzendatenbanken <strong>WELTWEIT<\/strong><\/h4>\n<p style=\"padding-left: 30px;\"><a style=\"font-weight: 600;\" href=\"http:\/\/www.gbif.org\/\" target=\"_blank\" rel=\"noopener noreferrer\">http:\/\/www.gbif.org<\/a><br \/>\nDatenbank mit Artensteckbriefen zu Pflanzenarten der ganzen Welt mit Verbreitungskarten<\/p>\n<p style=\"padding-left: 30px;\"><a style=\"font-weight: 600;\" href=\"http:\/\/www.iucnredlist.org\/\" target=\"_blank\" rel=\"noopener noreferrer\">http:\/\/www.iucnredlist.org<\/a><br \/>\nIUCN Red List of Threatened Species: Datenbank mit Informationen zu \u00d6kologie, Verbreitung, Gef\u00e4hrdung und Schutz von Rote-Liste-Arten<\/p>\n<p style=\"padding-left: 30px;\"><a style=\"font-weight: 600;\" href=\"http:\/\/www.issg.org\/database\/welcome\/\" target=\"_blank\" rel=\"noopener noreferrer\">http:\/\/www.issg.org\/database\/welcome<\/a><br \/>\nGlobal invasive species database: Informationen zu Invasivarten auf der ganzen Welt<\/p>\n<p>&nbsp;<\/p>\n<p style=\"padding-left: 30px;\"><a href=\"#top\">zum Seitenanfang<\/a><\/p>\n","protected":false},"excerpt":{"rendered":"<p>http:\/\/www.biologie.uni-ulm.de\/systax\/index_d.html SysTax &#8211; Datenbanksystem f\u00fcr Systematik und Taxonomie &nbsp; Gebietsbezogene Pflanzendatenbanken f\u00fcr \u2022 Deutschland \u2022 Europa \u2022 Welt &nbsp; Pflanzendatenbanken in DEUTSCHLAND http:\/\/www.floraweb.de Datenbank mit Artensteckbriefen zu \u00fcber 3.500 in Deutschland wild vorkommenden Sippen der Farn- und Bl\u00fctenpflanzen (Verbreitungskarte, Nomenklatur, Status, Gef\u00e4hrdung, Schutz, Fotogalerie); Datenbank mit Vegetationsaufnahmen; Zugriff auf die Standardliste und Rote Liste der [&hellip;]<\/p>\n","protected":false},"author":1,"featured_media":0,"parent":1016,"menu_order":1,"comment_status":"closed","ping_status":"closed","template":"","meta":{"footnotes":""},"class_list":["post-1019","page","type-page","status-publish","czr-hentry"],"_links":{"self":[{"href":"https:\/\/www.botanik-sw.de\/BAS\/module\/wordpress\/index.php?rest_route=\/wp\/v2\/pages\/1019","targetHints":{"allow":["GET"]}}],"collection":[{"href":"https:\/\/www.botanik-sw.de\/BAS\/module\/wordpress\/index.php?rest_route=\/wp\/v2\/pages"}],"about":[{"href":"https:\/\/www.botanik-sw.de\/BAS\/module\/wordpress\/index.php?rest_route=\/wp\/v2\/types\/page"}],"author":[{"embeddable":true,"href":"https:\/\/www.botanik-sw.de\/BAS\/module\/wordpress\/index.php?rest_route=\/wp\/v2\/users\/1"}],"replies":[{"embeddable":true,"href":"https:\/\/www.botanik-sw.de\/BAS\/module\/wordpress\/index.php?rest_route=%2Fwp%2Fv2%2Fcomments&post=1019"}],"version-history":[{"count":32,"href":"https:\/\/www.botanik-sw.de\/BAS\/module\/wordpress\/index.php?rest_route=\/wp\/v2\/pages\/1019\/revisions"}],"predecessor-version":[{"id":3388,"href":"https:\/\/www.botanik-sw.de\/BAS\/module\/wordpress\/index.php?rest_route=\/wp\/v2\/pages\/1019\/revisions\/3388"}],"up":[{"embeddable":true,"href":"https:\/\/www.botanik-sw.de\/BAS\/module\/wordpress\/index.php?rest_route=\/wp\/v2\/pages\/1016"}],"wp:attachment":[{"href":"https:\/\/www.botanik-sw.de\/BAS\/module\/wordpress\/index.php?rest_route=%2Fwp%2Fv2%2Fmedia&parent=1019"}],"curies":[{"name":"wp","href":"https:\/\/api.w.org\/{rel}","templated":true}]}}