{"id":1022,"date":"2020-10-31T19:39:10","date_gmt":"2020-10-31T18:39:10","guid":{"rendered":"http:\/\/www.botanik-sw.de\/BAS\/module\/wordpress\/?page_id=1022"},"modified":"2020-11-01T12:02:16","modified_gmt":"2020-11-01T11:02:16","slug":"links-herbarien","status":"publish","type":"page","link":"https:\/\/www.botanik-sw.de\/BAS\/module\/wordpress\/?page_id=1022","title":{"rendered":"Links zu Herbarien"},"content":{"rendered":"<p><a style=\"font-weight: 600;\" href=\"http:\/\/plants.jstor.org\/\" target=\"_blank\" rel=\"noopener noreferrer\">http:\/\/plants.jstor.org\/<\/a><br \/>\nDigitales Herbarium der Global Plants Initiative<\/p>\n<p>&nbsp;<\/p>\n<p>Gebietsbezogene Herbarien f\u00fcr<\/p>\n<p>\u2022 <a href=\"http:\/\/www.botanik-sw.de\/BAS\/module\/wordpress\/?page id=1022#de\">Deutschland<\/a><br \/>\n\u2022 <a href=\"http:\/\/www.botanik-sw.de\/BAS\/module\/wordpress\/?page id=1022#eu\">Europa<\/a><\/p>\n<p>&nbsp;<\/p>\n<h4><a name=\"de\"><\/a> Herbarien f\u00fcr DEUTSCHLAND<\/h4>\n<p style=\"padding-left: 30px;\"><a style=\"font-weight: 600;\" href=\"http:\/\/www.universitaetssammlungen.de\/\" target=\"_blank\" rel=\"noopener noreferrer\">http:\/\/www.universitaetssammlungen.de<\/a><br \/>\nInformationssystem zu Sammlungen und Museen an deutschen Universit\u00e4ten<\/p>\n<p style=\"padding-left: 30px;\"><a style=\"font-weight: 600;\" href=\"http:\/\/www.biologie.uni-ulm.de\/museum\/liste.html\" target=\"_blank\" rel=\"noopener noreferrer\">http:\/\/www.biologie.uni-ulm.de\/museum\/liste.html<\/a><br \/>\nListe der biologischen Sammlungsobjekte in Deutschland<\/p>\n<p style=\"padding-left: 30px;\"><a style=\"font-weight: 600;\" href=\"http:\/\/www.bgbm.org\/herbarium\/\" target=\"_blank\" rel=\"noopener noreferrer\">http:\/\/www.bgbm.org\/herbarium<\/a><br \/>\nVirtuelles Herbarium Berolinense (Berlin): \u00dcber 200.000 Arten mit \u00fcber 150.000 Bildern aus 229 L\u00e4ndern<\/p>\n<p style=\"padding-left: 30px;\"><a style=\"font-weight: 600;\" href=\"http:\/\/www.herbarium-erlangense.nat.uni-erlangen.de\/\" target=\"_blank\" rel=\"noopener noreferrer\">http:\/\/www.herbarium-erlangense.nat.uni-erlangen.de<\/a><br \/>\nDigitalisiertes Herbarium der Universit\u00e4t Erlangen<\/p>\n<p style=\"padding-left: 30px;\"><a style=\"font-weight: 600;\" href=\"https:\/\/www.uni-muenchen.de\/einrichtungen\/sammlungen\/herbar\/index.html\" target=\"_blank\" rel=\"noopener noreferrer\">https:\/\/www.uni-muenchen.de\/einrichtungen\/sammlungen\/herbar\/index.html<\/a><br \/>\nHerbarien-Bestand der Botanischen Staatssammlung M\u00fcnchen<\/p>\n<p>&nbsp;<\/p>\n<p style=\"padding-left: 30px;\"><a href=\"#top\">zum Seitenanfang<\/a><\/p>\n<p>&nbsp;<\/p>\n<h4><a name=\"eu\"><\/a> Herbarien f\u00fcr EUROPA<\/h4>\n<h4 style=\"padding-left: 30px;\">Belgien<\/h4>\n<p style=\"padding-left: 30px;\"><a style=\"font-weight: 600;\" href=\"\/\/www.plantentuinmeise.be\/de\/pQ6YgCL\/herbarium\" target=\"_blank\" rel=\"noopener noreferrer\">https:\/\/www.plantentuinmeise.be\/de\/pQ6YgCL\/herbarium<\/a><br \/>\nDigitalisiertes Herbarium des Botanischen Garten Meise<\/p>\n<h4 style=\"padding-left: 30px;\">Frankreich<\/h4>\n<p style=\"padding-left: 30px;\"><a style=\"font-weight: 600;\" href=\"https:\/\/science.mnhn.fr\" target=\"_blank\" rel=\"noopener noreferrer\">https:\/\/science.mnhn.fr<\/a><br \/>\nDigitales Herbarium des Mus\u00e9um National d\u2019Histoire Naturelle (Frankreich)<\/p>\n<h4 style=\"padding-left: 30px;\">Gro\u00dfbritanien<\/h4>\n<p style=\"padding-left: 30px;\"><a style=\"font-weight: 600;\" href=\"http:\/\/linnean-online.org\/\" target=\"_blank\" rel=\"noopener noreferrer\">http:\/\/linnean-online.org<\/a><br \/>\nDigitalisiertes Herbarium von Carl Linnaeus der Linnean Society of London<\/p>\n<h4 style=\"padding-left: 30px;\">Niederlande<\/h4>\n<p style=\"padding-left: 30px;\"><a style=\"font-weight: 600;\" href=\"http:\/\/herbarium.naturalis.nl\/\" target=\"_blank\" rel=\"noopener noreferrer\">http:\/\/herbarium.naturalis.nl<\/a><br \/>\nNational Herbarium of The Netherlands online<\/p>\n<h4 style=\"padding-left: 30px;\">\u00d6sterreich<\/h4>\n<p style=\"padding-left: 30px;\"><a style=\"font-weight: 600;\" href=\"http:\/\/herbarium.univie.ac.at\/database\/search.php\" target=\"_blank\" rel=\"noopener noreferrer\">http:\/\/herbarium.univie.ac.at\/database\/search.php<\/a><br \/>\nVirtuelles Herbarium des Botanischen Instituts der Universit\u00e4t Wien<\/p>\n<h4 style=\"padding-left: 30px;\">Schweiz<\/h4>\n<p style=\"padding-left: 30px;\"><strong><a href=\"https:\/\/herbarium.unibas.ch\/index.php\/de\/\" target=\"_blank\" rel=\"noopener noreferrer\">https:\/\/herbarium.unibas.ch\/index.php\/de<\/a><\/strong><br \/>\nDigitales Herbarium der Basler Botanischen Gesellschaft<\/p>\n<p style=\"padding-left: 30px;\"><a style=\"font-weight: 600;\" href=\"http:\/\/www.ville-ge.ch\/musinfo\/bd\/cjb\/chg\/\" target=\"_blank\" rel=\"noopener noreferrer\">http:\/\/www.ville-ge.ch\/musinfo\/bd\/cjb\/chg<\/a><br \/>\nCatalogue des Herbiers de Gen\u00e8ve, digitalisiertes Herbarium des Conservatoire et Jardin botaniques (CJB) der Stadt Genf<\/p>\n<p style=\"padding-left: 30px;\"><a style=\"font-weight: 600;\" href=\"http:\/\/www.musees.vd.ch\/fr\/musee-et-jardins-botaniques\/musee-botanique\/collections\/\" target=\"_blank\" rel=\"noopener noreferrer\">https:\/\/tools.bgci.org\/garden.php?id=140?id=140<\/a><br \/>\nMus\u00e9e &amp; Jardins botaniques cantonaux de Lausanne<\/p>\n<p style=\"padding-left: 30px;\"><strong><a href=\"https:\/\/www.herbarien.uzh.ch\/de\/belegsuche.html\" target=\"_blank\" rel=\"noopener noreferrer\">https:\/\/www.herbarien.uzh.ch\/de\/belegsuche.html<\/a><\/strong><br \/>\nVereinigtes Herbar der Universit\u00e4t und der Eidgen\u00f6ssischen Technischen Hochschule (ETH) Z\u00fcrich mit \u00fcber 30.000 digitalisierten Belegen<\/p>\n<p>&nbsp;<\/p>\n<p style=\"padding-left: 30px;\"><a href=\"#top\">zum Seitenanfang<\/a><\/p>\n","protected":false},"excerpt":{"rendered":"<p>http:\/\/plants.jstor.org\/ Digitales Herbarium der Global Plants Initiative &nbsp; Gebietsbezogene Herbarien f\u00fcr \u2022 Deutschland \u2022 Europa &nbsp; Herbarien f\u00fcr DEUTSCHLAND http:\/\/www.universitaetssammlungen.de Informationssystem zu Sammlungen und Museen an deutschen Universit\u00e4ten http:\/\/www.biologie.uni-ulm.de\/museum\/liste.html Liste der biologischen Sammlungsobjekte in Deutschland http:\/\/www.bgbm.org\/herbarium Virtuelles Herbarium Berolinense (Berlin): \u00dcber 200.000 Arten mit \u00fcber 150.000 Bildern aus 229 L\u00e4ndern http:\/\/www.herbarium-erlangense.nat.uni-erlangen.de Digitalisiertes Herbarium der Universit\u00e4t [&hellip;]<\/p>\n","protected":false},"author":1,"featured_media":0,"parent":1016,"menu_order":2,"comment_status":"closed","ping_status":"closed","template":"","meta":{"footnotes":""},"class_list":["post-1022","page","type-page","status-publish","czr-hentry"],"_links":{"self":[{"href":"https:\/\/www.botanik-sw.de\/BAS\/module\/wordpress\/index.php?rest_route=\/wp\/v2\/pages\/1022","targetHints":{"allow":["GET"]}}],"collection":[{"href":"https:\/\/www.botanik-sw.de\/BAS\/module\/wordpress\/index.php?rest_route=\/wp\/v2\/pages"}],"about":[{"href":"https:\/\/www.botanik-sw.de\/BAS\/module\/wordpress\/index.php?rest_route=\/wp\/v2\/types\/page"}],"author":[{"embeddable":true,"href":"https:\/\/www.botanik-sw.de\/BAS\/module\/wordpress\/index.php?rest_route=\/wp\/v2\/users\/1"}],"replies":[{"embeddable":true,"href":"https:\/\/www.botanik-sw.de\/BAS\/module\/wordpress\/index.php?rest_route=%2Fwp%2Fv2%2Fcomments&post=1022"}],"version-history":[{"count":26,"href":"https:\/\/www.botanik-sw.de\/BAS\/module\/wordpress\/index.php?rest_route=\/wp\/v2\/pages\/1022\/revisions"}],"predecessor-version":[{"id":2623,"href":"https:\/\/www.botanik-sw.de\/BAS\/module\/wordpress\/index.php?rest_route=\/wp\/v2\/pages\/1022\/revisions\/2623"}],"up":[{"embeddable":true,"href":"https:\/\/www.botanik-sw.de\/BAS\/module\/wordpress\/index.php?rest_route=\/wp\/v2\/pages\/1016"}],"wp:attachment":[{"href":"https:\/\/www.botanik-sw.de\/BAS\/module\/wordpress\/index.php?rest_route=%2Fwp%2Fv2%2Fmedia&parent=1022"}],"curies":[{"name":"wp","href":"https:\/\/api.w.org\/{rel}","templated":true}]}}