{"id":1028,"date":"2020-10-31T17:00:24","date_gmt":"2020-10-31T16:00:24","guid":{"rendered":"http:\/\/www.botanik-sw.de\/BAS\/module\/wordpress\/?page_id=1028"},"modified":"2020-11-01T12:06:11","modified_gmt":"2020-11-01T11:06:11","slug":"links-bestimmungshilfen","status":"publish","type":"page","link":"https:\/\/www.botanik-sw.de\/BAS\/module\/wordpress\/?page_id=1028","title":{"rendered":"Links zu Bestimmungshilfen"},"content":{"rendered":"<p><strong><a href=\"https:\/\/floraincognita.com\/de\/flora-incognita\/\">https:\/\/floraincognita.com\/de\/flora-incognita\/<\/a><\/strong><br \/>\n\u201eFlora Incognita App\u201c, App zur automatischen Pflanzenbestimmung: automatische Pflanzenbestimmung f\u00fcr 2.700 Pflanzenarten der mitteleurop\u00e4ischen, wildwachsenden Flora, Steckbriefe zu jeder Pflanzenart, Verbreitungskarten f\u00fcr alle deutschen Pflanzenarten, Detailbilder, Such- und Filterfunktionen f\u00fcr das schnelle Finden einer Art, Anlegen von Beobachtungslisten<\/p>\n<p><strong><a href=\"https:\/\/identify.plantnet.org\/\">https:\/\/identify.plantnet.org\/<\/a><\/strong><br \/>\n\u201ePl@ntNet App\u201c zur automatischen Pflanzenbestimmung: automatische Pflanzenbestimmung f\u00fcr die wildwachsenden Flora und Nutzpflanzen mehrere Regionen der Erde sowie zu invasiven Arten, Westeuropa ca. 6800 Arten, Anzeige von Bildern, taxonomische Informationen, Anbindung an Wikipedia<\/p>\n<p><a style=\"font-weight: 600;\" href=\"http:\/\/wiki.bayernflora.de\/web\/Bestimmungshilfen\" target=\"_blank\" rel=\"noopener noreferrer\">http:\/\/wiki.bayernflora.de\/web\/Bestimmungshilfen<\/a><br \/>\nLinksammlung zu Bestimmungshilfen im Internet<\/p>\n<p><a style=\"font-weight: 600;\" href=\"http:\/\/offene-naturfuehrer.de\/web\/Portal:Flora\" target=\"_blank\" rel=\"noopener noreferrer\">http:\/\/offene-naturfuehrer.de\/web\/Portal:Flora<\/a><br \/>\nIm Aufbau begriffene offene Flora mit Bestimmungshilfen f\u00fcr Pflanzen, Moose und Algen<\/p>\n<p><a style=\"font-weight: 600;\" href=\"http:\/\/www.blumeninschwaben.de\/\" target=\"_blank\" rel=\"noopener noreferrer\">http:\/\/www.blumeninschwaben.de<\/a><br \/>\nFoto-Bestimmungsschl\u00fcssel zur Bestimmung der h\u00f6heren Pflanzen Deutschlands<\/p>\n<p><a style=\"font-weight: 600;\" href=\"https:\/\/flora.nhm-wien.ac.at\/\" target=\"_blank\" rel=\"noopener noreferrer\">https:\/\/flora.nhm-wien.ac.at\/<\/a><br \/>\nOnline-Flora von \u00d6sterreich<\/p>\n<p><a style=\"font-weight: 600;\" href=\"http:\/\/www.tkgoetz.homepage.t-online.de\/alpenflorahome.html\" target=\"_blank\" rel=\"noopener noreferrer\">http:\/\/www.tkgoetz.homepage.t-online.de\/alpenflorahome.html<\/a><br \/>\nOnline-Exkursionsflora der Alpen und angrenzender Gebiete zur Bestimmung wildwachsender Gef\u00e4\u00dfpflanzen (Thomas G\u00f6tz)<\/p>\n<p><a style=\"font-weight: 600;\" href=\"http:\/\/www.efloras.org\/\" target=\"_blank\" rel=\"noopener noreferrer\">http:\/\/www.efloras.org<\/a><br \/>\ndichotome Bestimmungsschl\u00fcssel meist ausgehend von den Familien zu den Floren von Nord-Amerika, Chile, China u.a., meist Beschreibung und Zeichnungen oder Fotos zu den Arten<\/p>\n<p><a style=\"font-weight: 600;\" href=\"http:\/\/dbiodbs.units.it\/carso\/chiavi_pub21?sc=150\" target=\"_blank\" rel=\"noopener noreferrer\">http:\/\/dbiodbs.units.it\/carso\/chiavi_pub21?sc=150<\/a><br \/>\nNationalpark der Casentinesi W\u00e4lder, Falterona Berg und Campigna in der Emilia Romagna: ein dichotomer Bestimmungsschl\u00fcssel und ein interessanter Zugang mit mehrfachen Art-Merkmalen<\/p>\n","protected":false},"excerpt":{"rendered":"<p>https:\/\/floraincognita.com\/de\/flora-incognita\/ \u201eFlora Incognita App\u201c, App zur automatischen Pflanzenbestimmung: automatische Pflanzenbestimmung f\u00fcr 2.700 Pflanzenarten der mitteleurop\u00e4ischen, wildwachsenden Flora, Steckbriefe zu jeder Pflanzenart, Verbreitungskarten f\u00fcr alle deutschen Pflanzenarten, Detailbilder, Such- und Filterfunktionen f\u00fcr das schnelle Finden einer Art, Anlegen von Beobachtungslisten https:\/\/identify.plantnet.org\/ \u201ePl@ntNet App\u201c zur automatischen Pflanzenbestimmung: automatische Pflanzenbestimmung f\u00fcr die wildwachsenden Flora und Nutzpflanzen mehrere Regionen [&hellip;]<\/p>\n","protected":false},"author":1,"featured_media":0,"parent":1016,"menu_order":3,"comment_status":"closed","ping_status":"closed","template":"","meta":{"footnotes":""},"class_list":["post-1028","page","type-page","status-publish","czr-hentry"],"_links":{"self":[{"href":"https:\/\/www.botanik-sw.de\/BAS\/module\/wordpress\/index.php?rest_route=\/wp\/v2\/pages\/1028","targetHints":{"allow":["GET"]}}],"collection":[{"href":"https:\/\/www.botanik-sw.de\/BAS\/module\/wordpress\/index.php?rest_route=\/wp\/v2\/pages"}],"about":[{"href":"https:\/\/www.botanik-sw.de\/BAS\/module\/wordpress\/index.php?rest_route=\/wp\/v2\/types\/page"}],"author":[{"embeddable":true,"href":"https:\/\/www.botanik-sw.de\/BAS\/module\/wordpress\/index.php?rest_route=\/wp\/v2\/users\/1"}],"replies":[{"embeddable":true,"href":"https:\/\/www.botanik-sw.de\/BAS\/module\/wordpress\/index.php?rest_route=%2Fwp%2Fv2%2Fcomments&post=1028"}],"version-history":[{"count":7,"href":"https:\/\/www.botanik-sw.de\/BAS\/module\/wordpress\/index.php?rest_route=\/wp\/v2\/pages\/1028\/revisions"}],"predecessor-version":[{"id":2624,"href":"https:\/\/www.botanik-sw.de\/BAS\/module\/wordpress\/index.php?rest_route=\/wp\/v2\/pages\/1028\/revisions\/2624"}],"up":[{"embeddable":true,"href":"https:\/\/www.botanik-sw.de\/BAS\/module\/wordpress\/index.php?rest_route=\/wp\/v2\/pages\/1016"}],"wp:attachment":[{"href":"https:\/\/www.botanik-sw.de\/BAS\/module\/wordpress\/index.php?rest_route=%2Fwp%2Fv2%2Fmedia&parent=1028"}],"curies":[{"name":"wp","href":"https:\/\/api.w.org\/{rel}","templated":true}]}}