{"id":1038,"date":"2016-02-08T19:51:06","date_gmt":"2016-02-08T18:51:06","guid":{"rendered":"http:\/\/www.botanik-sw.de\/BAS\/module\/wordpress\/?page_id=1038"},"modified":"2016-07-05T10:43:33","modified_gmt":"2016-07-05T09:43:33","slug":"links-literaturdatenbanken","status":"publish","type":"page","link":"https:\/\/www.botanik-sw.de\/BAS\/module\/wordpress\/?page_id=1038","title":{"rendered":"Links zu Literaturdatenbanken"},"content":{"rendered":"<p><a style=\"font-weight: 600;\" href=\"http:\/\/www.dnl-online.de\/\" target=\"_blank\">http:\/\/www.dnl-online.de<\/a><br \/>\nDokumentation Natur und Landschaft \u2013 online: Literatur-Datenbank des Bundesamtes f\u00fcr Naturschutz<\/p>\n<p><a style=\"font-weight: 600;\" href=\"http:\/\/www.biolib.de\/\" target=\"_blank\">http:\/\/www.biolib.de<\/a><br \/>\nOnline library of biological books: Online-Zugriff auf \u00fcber 500 biologische Fachb\u00fccher<\/p>\n<p><a style=\"font-weight: 600;\" href=\"http:\/\/www.vifabio.de\/\" target=\"_blank\">http:\/\/www.vifabio.de<\/a><br \/>\nVirtuelle Fachbibliothek Biologie mit Suchmaschine f\u00fcr Fachliteratur aus Bibliothekskatalogen, elektronische Zeitschriften, Internetquellen und Online-Datenbanken<\/p>\n<p><a style=\"font-weight: 600;\" href=\"http:\/\/www.biblio.tu-bs.de\/db\/veget\/detail.php\" target=\"_blank\">http:\/\/www.biblio.tu-bs.de\/db\/veget\/detail.php<\/a><br \/>\nLiteraturdatenbank zur Vegetations\u00f6kologie Mitteleuropas der Universit\u00e4tsbibliothek Braunschweig mit knapp 15.000 Ver\u00f6ffentlichungen zur Flora und Vegetation Mitteleuropas<\/p>\n<p><strong><a href=\"http:\/\/www.biodiversitylibrary.org\/\" target=\"_blank\">http:\/\/www.biodiversitylibrary.org<\/a><\/strong><br \/>\nOnline-Buchsammlung historischer biologischer B\u00fccher , unter anderem auch botanischer Literatur<\/p>\n","protected":false},"excerpt":{"rendered":"<p>http:\/\/www.dnl-online.de Dokumentation Natur und Landschaft \u2013 online: Literatur-Datenbank des Bundesamtes f\u00fcr Naturschutz http:\/\/www.biolib.de Online library of biological books: Online-Zugriff auf \u00fcber 500 biologische Fachb\u00fccher http:\/\/www.vifabio.de Virtuelle Fachbibliothek Biologie mit Suchmaschine f\u00fcr Fachliteratur aus Bibliothekskatalogen, elektronische Zeitschriften, Internetquellen und Online-Datenbanken http:\/\/www.biblio.tu-bs.de\/db\/veget\/detail.php Literaturdatenbank zur Vegetations\u00f6kologie Mitteleuropas der Universit\u00e4tsbibliothek Braunschweig mit knapp 15.000 Ver\u00f6ffentlichungen zur Flora und Vegetation [&hellip;]<\/p>\n","protected":false},"author":1,"featured_media":0,"parent":1016,"menu_order":6,"comment_status":"closed","ping_status":"closed","template":"","meta":{"footnotes":""},"class_list":["post-1038","page","type-page","status-publish","czr-hentry"],"_links":{"self":[{"href":"https:\/\/www.botanik-sw.de\/BAS\/module\/wordpress\/index.php?rest_route=\/wp\/v2\/pages\/1038","targetHints":{"allow":["GET"]}}],"collection":[{"href":"https:\/\/www.botanik-sw.de\/BAS\/module\/wordpress\/index.php?rest_route=\/wp\/v2\/pages"}],"about":[{"href":"https:\/\/www.botanik-sw.de\/BAS\/module\/wordpress\/index.php?rest_route=\/wp\/v2\/types\/page"}],"author":[{"embeddable":true,"href":"https:\/\/www.botanik-sw.de\/BAS\/module\/wordpress\/index.php?rest_route=\/wp\/v2\/users\/1"}],"replies":[{"embeddable":true,"href":"https:\/\/www.botanik-sw.de\/BAS\/module\/wordpress\/index.php?rest_route=%2Fwp%2Fv2%2Fcomments&post=1038"}],"version-history":[{"count":4,"href":"https:\/\/www.botanik-sw.de\/BAS\/module\/wordpress\/index.php?rest_route=\/wp\/v2\/pages\/1038\/revisions"}],"predecessor-version":[{"id":1646,"href":"https:\/\/www.botanik-sw.de\/BAS\/module\/wordpress\/index.php?rest_route=\/wp\/v2\/pages\/1038\/revisions\/1646"}],"up":[{"embeddable":true,"href":"https:\/\/www.botanik-sw.de\/BAS\/module\/wordpress\/index.php?rest_route=\/wp\/v2\/pages\/1016"}],"wp:attachment":[{"href":"https:\/\/www.botanik-sw.de\/BAS\/module\/wordpress\/index.php?rest_route=%2Fwp%2Fv2%2Fmedia&parent=1038"}],"curies":[{"name":"wp","href":"https:\/\/api.w.org\/{rel}","templated":true}]}}