{"id":1041,"date":"2020-10-31T19:52:49","date_gmt":"2020-10-31T18:52:49","guid":{"rendered":"http:\/\/www.botanik-sw.de\/BAS\/module\/wordpress\/?page_id=1041"},"modified":"2020-11-01T12:25:18","modified_gmt":"2020-11-01T11:25:18","slug":"links-bilddatenbanken","status":"publish","type":"page","link":"https:\/\/www.botanik-sw.de\/BAS\/module\/wordpress\/?page_id=1041","title":{"rendered":"Links zu Bilddatenbanken"},"content":{"rendered":"<p><strong><a href=\"http:\/\/photoflora.free.fr\/RechTax.php\" target=\"_blank\" rel=\"noopener noreferrer\">http:\/\/photoflora.free.fr\/RechTax.php<\/a><\/strong><br \/>\nFoto-Datenbank mit knapp 125.000 Bildern europ\u00e4ischer Pflanzenarten<\/p>\n<p><a style=\"font-weight: 600;\" href=\"http:\/\/www.saxifraga.de\/europa\/gesamtartenliste.html\" target=\"_blank\" rel=\"noopener noreferrer\">http:\/\/www.saxifraga.de\/europa\/gesamtartenliste.html<\/a><br \/>\nListe der mitteleurop\u00e4ischen Gef\u00e4\u00dfpflanzen mit zahlreichen Fotos (Michael Koltzenburg)<\/p>\n<p><a style=\"font-weight: 600;\" href=\"http:\/\/www.blumeninschwaben.de\/\" target=\"_blank\" rel=\"noopener noreferrer\">http:\/\/www.blumeninschwaben.de<\/a><br \/>\nFoto-Datenbank mit \u00fcber 30.000 Bildern von ca. 4.500 Arten (Thomas Meyer)<\/p>\n<p><a style=\"font-weight: 600;\" href=\"http:\/\/www.guenther-blaich.de\/\" target=\"_blank\" rel=\"noopener noreferrer\">http:\/\/www.guenther-blaich.de<\/a><br \/>\nFoto-Datenbank mit fast 50.000 Bildern von ca. 4.500 Arten (G\u00fcnther Blaich)<\/p>\n<p><a style=\"font-weight: 600;\" href=\"http:\/\/www.gerhard.nitter.de\/\" target=\"_blank\" rel=\"noopener noreferrer\">http:\/\/www.gerhard.nitter.de<\/a><br \/>\numfangreiche Foto-Datenbank mit Bildern aus Deutschland und den Alpen (Gerhard Nitter)<\/p>\n<p><a style=\"font-weight: 600;\" href=\"http:\/\/www.pflanzenphotos.de\/\" target=\"_blank\" rel=\"noopener noreferrer\">http:\/\/www.pflanzenphotos.de<\/a><br \/>\nFoto-Datenbank mit \u00fcber 6.000 Fotos von Gef\u00e4\u00dfpflanzen Deutschlands der Alpen (Andreas Kammann &amp; Heike Esch)<\/p>\n<p><a style=\"font-weight: 600;\" href=\"http:\/\/www.alpenbotaniker.ch\/\" target=\"_blank\" rel=\"noopener noreferrer\">http:\/\/www.alpenbotaniker.ch<\/a><br \/>\nFoto-Datenbank zu \u201eAlpen und Wiesenflora\u201c, \u201eFarne, Moose und Flechten\u201c, \u201eEurop\u00e4ische Orchideen\u201c, \u201ePilze\u201c und \u201eGr\u00e4ser\u201c sowie Tierbilder (Ernst Gubler)<\/p>\n<p><a style=\"font-weight: 600;\" href=\"https:\/\/www.imagines-plantarum.de\/\" target=\"_blank\" rel=\"noopener noreferrer\">https:\/\/www.imagines-plantarum.de\/<\/a><br \/>\nFotodatenbank mit Bildern von Wild-, Zier- und Nutzpflanzen (Leo Michels)<\/p>\n<p><a style=\"font-weight: 600;\" href=\"http:\/\/www.plant-pictures.com\/\" target=\"_blank\" rel=\"noopener noreferrer\">http:\/\/www.plant-pictures.com<\/a><br \/>\nFotogalerie mit \u00fcber 7.000 Bilder von Pflanzenarten aus Europa, Costa Rica, den Galapagos Inseln sowie aus Botanischen G\u00e4rten von Thomas Schoepke, Institut f\u00fcr Pharmazie der Universit\u00e4t Greifswald<\/p>\n<p><a style=\"font-weight: 600;\" href=\"http:\/\/flora.nhm-wien.ac.at\/\" target=\"_blank\" rel=\"noopener noreferrer\">http:\/\/flora.nhm-wien.ac.at<\/a><br \/>\nFoto-Datenbank der Wildpflanzen \u00d6sterreichs (\u00fcber 3.000 Arten in \u00fcber 5.000 Bildern)<\/p>\n<p><a style=\"font-weight: 600;\" href=\"http:\/\/www.biopix.dk\/\" target=\"_blank\" rel=\"noopener noreferrer\">http:\/\/www.biopix.dk<\/a><br \/>\nFoto-Datenbank mit \u00fcber 100.000 Bildern von \u00fcber 10.000 Tier- und Pflanzenarten<\/p>\n<p><a style=\"font-weight: 600;\" href=\"http:\/\/www.flogaus-faust.de\/\" target=\"_blank\" rel=\"noopener noreferrer\">http:\/\/www.flogaus-faust.de<\/a><br \/>\nFotogalerie mit \u00fcber 3.000 Bildern von Wildpflanzen aus Europa sowie \u00fcber 300 Bildern aus dem westlichen Nordamerika<\/p>\n<p><a style=\"font-weight: 600;\" href=\"http:\/\/www.mittelmeerflora.de\/\" target=\"_blank\" rel=\"noopener noreferrer\">http:\/\/www.mittelmeerflora.de<\/a><br \/>\nFoto-Datenbank mit Bildern von \u00fcber 350 h\u00f6heren Pflanzen des Mittelmeer- und Alpenraumes<\/p>\n<p><a style=\"font-weight: 600;\" href=\"http:\/\/www.kuleuven-kulak.be\/bioweb\/?page=guide&amp;lang=du\" target=\"_blank\" rel=\"noopener noreferrer\">http:\/\/www.kuleuven-kulak.be\/bioweb\/?page=guide&amp;lang=du<\/a><br \/>\nPflanzenwebsite der Biologieabteilung der K.U.Leuven Campus Kortrijk (Belgien)mit Fotodatenbank<\/p>\n<p><a style=\"font-weight: 600;\" href=\"http:\/\/herbarivirtual.uib.es\/\" target=\"_blank\" rel=\"noopener noreferrer\">http:\/\/herbarivirtual.uib.es\/<\/a><br \/>\nKatalanische Seite mit gro\u00dfformatigen Pflanzenfotos<\/p>\n<p><a style=\"font-weight: 600;\" href=\"http:\/\/biolib.mpipz.mpg.de\/thome\/index.html\" target=\"_blank\" rel=\"noopener noreferrer\">http:\/\/biolib.mpipz.mpg.de\/thome\/index.html<\/a><br \/>\nFlora von Deutschland, \u00d6sterreich und der Schweiz (Thom\u00e9 1885): Eingescannte Tafeln der B\u00e4nde 1 bis 3.<\/p>\n","protected":false},"excerpt":{"rendered":"<p>http:\/\/photoflora.free.fr\/RechTax.php Foto-Datenbank mit knapp 125.000 Bildern europ\u00e4ischer Pflanzenarten http:\/\/www.saxifraga.de\/europa\/gesamtartenliste.html Liste der mitteleurop\u00e4ischen Gef\u00e4\u00dfpflanzen mit zahlreichen Fotos (Michael Koltzenburg) http:\/\/www.blumeninschwaben.de Foto-Datenbank mit \u00fcber 30.000 Bildern von ca. 4.500 Arten (Thomas Meyer) http:\/\/www.guenther-blaich.de Foto-Datenbank mit fast 50.000 Bildern von ca. 4.500 Arten (G\u00fcnther Blaich) http:\/\/www.gerhard.nitter.de umfangreiche Foto-Datenbank mit Bildern aus Deutschland und den Alpen (Gerhard Nitter) http:\/\/www.pflanzenphotos.de [&hellip;]<\/p>\n","protected":false},"author":1,"featured_media":0,"parent":1016,"menu_order":7,"comment_status":"closed","ping_status":"closed","template":"","meta":{"footnotes":""},"class_list":["post-1041","page","type-page","status-publish","czr-hentry"],"_links":{"self":[{"href":"https:\/\/www.botanik-sw.de\/BAS\/module\/wordpress\/index.php?rest_route=\/wp\/v2\/pages\/1041","targetHints":{"allow":["GET"]}}],"collection":[{"href":"https:\/\/www.botanik-sw.de\/BAS\/module\/wordpress\/index.php?rest_route=\/wp\/v2\/pages"}],"about":[{"href":"https:\/\/www.botanik-sw.de\/BAS\/module\/wordpress\/index.php?rest_route=\/wp\/v2\/types\/page"}],"author":[{"embeddable":true,"href":"https:\/\/www.botanik-sw.de\/BAS\/module\/wordpress\/index.php?rest_route=\/wp\/v2\/users\/1"}],"replies":[{"embeddable":true,"href":"https:\/\/www.botanik-sw.de\/BAS\/module\/wordpress\/index.php?rest_route=%2Fwp%2Fv2%2Fcomments&post=1041"}],"version-history":[{"count":7,"href":"https:\/\/www.botanik-sw.de\/BAS\/module\/wordpress\/index.php?rest_route=\/wp\/v2\/pages\/1041\/revisions"}],"predecessor-version":[{"id":2632,"href":"https:\/\/www.botanik-sw.de\/BAS\/module\/wordpress\/index.php?rest_route=\/wp\/v2\/pages\/1041\/revisions\/2632"}],"up":[{"embeddable":true,"href":"https:\/\/www.botanik-sw.de\/BAS\/module\/wordpress\/index.php?rest_route=\/wp\/v2\/pages\/1016"}],"wp:attachment":[{"href":"https:\/\/www.botanik-sw.de\/BAS\/module\/wordpress\/index.php?rest_route=%2Fwp%2Fv2%2Fmedia&parent=1041"}],"curies":[{"name":"wp","href":"https:\/\/api.w.org\/{rel}","templated":true}]}}