{"id":1048,"date":"2016-02-08T19:56:26","date_gmt":"2016-02-08T18:56:26","guid":{"rendered":"http:\/\/www.botanik-sw.de\/BAS\/module\/wordpress\/?page_id=1048"},"modified":"2017-02-25T11:26:33","modified_gmt":"2017-02-25T10:26:33","slug":"links-diverses","status":"publish","type":"page","link":"https:\/\/www.botanik-sw.de\/BAS\/module\/wordpress\/?page_id=1048","title":{"rendered":"Links Diverses"},"content":{"rendered":"<p><a style=\"font-weight: 600;\" href=\"http:\/\/www.schmitzens-botanikseite.de\/\" target=\"_blank\">http:\/\/www.schmitzens-botanikseite.de\/<\/a><br \/>\nsystematische \u00dcbersicht der rheinischen Pflanzengesellschaften mit Bestimmungsschl\u00fcssel zu den Klassen; Erl\u00e4uterung pflanzenmorphologischer Ph\u00e4nomene; Dokumentation der Fundorte von Neophyten; botanisch-\u00f6kologisches Lexikon<\/p>\n<p><a style=\"font-weight: 600;\" href=\"http:\/\/www.henriettesherbal.com\/\" target=\"_blank\">http:\/\/www.henriettesherbal.com<\/a><br \/>\nbunte Mischung zur Nutzung von Pflanzen, \u00fcberwiegend mit Informationen zur medizinischen und K\u00fcchennutzung, hei\u00dfen Rezepten, Links u.a. zu Standardwerken und herunterladbaren Synonymlisten<\/p>\n<p><a style=\"font-weight: 600;\" href=\"http:\/\/green-24.de\/\" target=\"_blank\">http:\/\/green-24.de<\/a><br \/>\nSuchmaschine f\u00fcr Gartenbau und Botanik<\/p>\n<p><a style=\"font-weight: 600;\" href=\"http:\/\/www.missouribotanicalgarden.org\/\" target=\"_blank\">http:\/\/www.missouribotanicalgarden.org<\/a><br \/>\nBotanischer Garten Missouri, umfangreiches Wissenschaftsprogramm weltweit, Schwerpunkt Tropen<\/p>\n<p><a style=\"font-weight: 600;\" href=\"http:\/\/www.orchids.de\/haynold\/tkq\/KoordinatenErmittler.php\" target=\"_blank\">http:\/\/www.orchids.de\/haynold\/tkq\/KoordinatenErmittler.php<\/a><br \/>\nKoordinaten-Ermittler von Bernd Haynold (nicht nur f\u00fcr Orchideen) Arbeitskreis Heimische Orchideen Baden-W\u00fcrttemberg<\/p>\n","protected":false},"excerpt":{"rendered":"<p>http:\/\/www.schmitzens-botanikseite.de\/ systematische \u00dcbersicht der rheinischen Pflanzengesellschaften mit Bestimmungsschl\u00fcssel zu den Klassen; Erl\u00e4uterung pflanzenmorphologischer Ph\u00e4nomene; Dokumentation der Fundorte von Neophyten; botanisch-\u00f6kologisches Lexikon http:\/\/www.henriettesherbal.com bunte Mischung zur Nutzung von Pflanzen, \u00fcberwiegend mit Informationen zur medizinischen und K\u00fcchennutzung, hei\u00dfen Rezepten, Links u.a. zu Standardwerken und herunterladbaren Synonymlisten http:\/\/green-24.de Suchmaschine f\u00fcr Gartenbau und Botanik http:\/\/www.missouribotanicalgarden.org Botanischer Garten Missouri, umfangreiches [&hellip;]<\/p>\n","protected":false},"author":1,"featured_media":0,"parent":1016,"menu_order":9,"comment_status":"closed","ping_status":"closed","template":"","meta":{"footnotes":""},"class_list":["post-1048","page","type-page","status-publish","czr-hentry"],"_links":{"self":[{"href":"https:\/\/www.botanik-sw.de\/BAS\/module\/wordpress\/index.php?rest_route=\/wp\/v2\/pages\/1048","targetHints":{"allow":["GET"]}}],"collection":[{"href":"https:\/\/www.botanik-sw.de\/BAS\/module\/wordpress\/index.php?rest_route=\/wp\/v2\/pages"}],"about":[{"href":"https:\/\/www.botanik-sw.de\/BAS\/module\/wordpress\/index.php?rest_route=\/wp\/v2\/types\/page"}],"author":[{"embeddable":true,"href":"https:\/\/www.botanik-sw.de\/BAS\/module\/wordpress\/index.php?rest_route=\/wp\/v2\/users\/1"}],"replies":[{"embeddable":true,"href":"https:\/\/www.botanik-sw.de\/BAS\/module\/wordpress\/index.php?rest_route=%2Fwp%2Fv2%2Fcomments&post=1048"}],"version-history":[{"count":4,"href":"https:\/\/www.botanik-sw.de\/BAS\/module\/wordpress\/index.php?rest_route=\/wp\/v2\/pages\/1048\/revisions"}],"predecessor-version":[{"id":1791,"href":"https:\/\/www.botanik-sw.de\/BAS\/module\/wordpress\/index.php?rest_route=\/wp\/v2\/pages\/1048\/revisions\/1791"}],"up":[{"embeddable":true,"href":"https:\/\/www.botanik-sw.de\/BAS\/module\/wordpress\/index.php?rest_route=\/wp\/v2\/pages\/1016"}],"wp:attachment":[{"href":"https:\/\/www.botanik-sw.de\/BAS\/module\/wordpress\/index.php?rest_route=%2Fwp%2Fv2%2Fmedia&parent=1048"}],"curies":[{"name":"wp","href":"https:\/\/api.w.org\/{rel}","templated":true}]}}