{"id":1052,"date":"2016-02-14T11:38:02","date_gmt":"2016-02-14T10:38:02","guid":{"rendered":"http:\/\/www.botanik-sw.de\/BAS\/module\/wordpress\/?page_id=1052"},"modified":"2020-10-18T09:27:21","modified_gmt":"2020-10-18T08:27:21","slug":"startseite","status":"publish","type":"page","link":"https:\/\/www.botanik-sw.de\/BAS\/module\/wordpress\/","title":{"rendered":"Startseite"},"content":{"rendered":"<h3>Herzlich willkommen auf den Seiten der<\/h3>\n<h3><strong>B<\/strong>otanischen <strong>A<\/strong>rbeitsgemeinschaft <strong>S<\/strong>\u00fcdwestdeutschland e.V.<\/h3>\n<p>&nbsp;<\/p>\n<p><strong>Interessieren Sie sich f\u00fcr die heimische Pflanzenwelt S\u00fcdwestdeutschlands?<\/strong><\/p>\n<p>Die Botanische Arbeitsgemeinschaft S\u00fcdwestdeutschland e.V. (BAS) bietet Menschen wie Ihnen eine gemeinsame Plattform: Botanikern aus Wissenschaft und Praxis ebenso wie interessierte Laien mit Freude an der heimischen Pflanzenwelt.<\/p>\n<p>Ziel der BAS ist die Erforschung der Pflanzenwelt S\u00fcdwestdeutschlands. Als unsere Aufgaben betrachten wir:<\/p>\n<ul>\n<li>die Vermittlung und Vertiefung von Pflanzenkenntnissen,<\/li>\n<li>die Durchf\u00fchrung und Betreuung floristischer Kartierungen,<\/li>\n<li>die Untersuchung der Verbreitung, \u00d6kologie und Vergesellschaftung von Arten,<\/li>\n<li>die Dokumentation der Flora und Vegetation der Landschaften S\u00fcdwestdeutschlands,<\/li>\n<li>die Bewahrung und den Schutz der heimischen Flora.<\/li>\n<\/ul>\n<p><!-- html5shiv for IE8 and less --> <!-- [if lt IE 9]>\n<script src=\"http:\/\/www.botanik-sw.de\/BAS\/module\/wordpress\/wp-content\/themes\/customizr\/inc\/assets\/js\/html5.js\"><\/script>\n<![endif]-->Unsere <a href=\"http:\/\/www.botanik-sw.de\/BAS\/module\/wordpress\/?page_id=1055\">Fundort-Datenbank <\/a>dokumentiert dabei unsere Kartierergebnisse und erm\u00f6glicht die Recherche nach Artenvorkommen.<\/p>\n<div id=\"tc-page-wrap\"><\/div>\n<p>Alle weiteren Informationen zu unserem Verein sowie zahlreiche Fachinformationen erhalten Sie auf diesen Seiten. Navigieren k\u00f6nnen Sie \u00fcber das Aufklappmen\u00fc am oberen rechten Seitenrand.<\/p>\n<p>&nbsp;<\/p>\n<p><strong>Wir freuen uns \u00fcber alle, die sich an unserer Arbeit beteiligen m\u00f6chten. Nehmen Sie gerne Kontakt mit uns auf!<\/strong><\/p>\n","protected":false},"excerpt":{"rendered":"<p>Herzlich willkommen auf den Seiten der Botanischen Arbeitsgemeinschaft S\u00fcdwestdeutschland e.V. &nbsp; Interessieren Sie sich f\u00fcr die heimische Pflanzenwelt S\u00fcdwestdeutschlands? Die Botanische Arbeitsgemeinschaft S\u00fcdwestdeutschland e.V. (BAS) bietet Menschen wie Ihnen eine gemeinsame Plattform: Botanikern aus Wissenschaft und Praxis ebenso wie interessierte Laien mit Freude an der heimischen Pflanzenwelt. Ziel der BAS ist die Erforschung der Pflanzenwelt [&hellip;]<\/p>\n","protected":false},"author":1,"featured_media":0,"parent":0,"menu_order":0,"comment_status":"closed","ping_status":"closed","template":"","meta":{"footnotes":""},"class_list":["post-1052","page","type-page","status-publish","czr-hentry"],"_links":{"self":[{"href":"https:\/\/www.botanik-sw.de\/BAS\/module\/wordpress\/index.php?rest_route=\/wp\/v2\/pages\/1052","targetHints":{"allow":["GET"]}}],"collection":[{"href":"https:\/\/www.botanik-sw.de\/BAS\/module\/wordpress\/index.php?rest_route=\/wp\/v2\/pages"}],"about":[{"href":"https:\/\/www.botanik-sw.de\/BAS\/module\/wordpress\/index.php?rest_route=\/wp\/v2\/types\/page"}],"author":[{"embeddable":true,"href":"https:\/\/www.botanik-sw.de\/BAS\/module\/wordpress\/index.php?rest_route=\/wp\/v2\/users\/1"}],"replies":[{"embeddable":true,"href":"https:\/\/www.botanik-sw.de\/BAS\/module\/wordpress\/index.php?rest_route=%2Fwp%2Fv2%2Fcomments&post=1052"}],"version-history":[{"count":34,"href":"https:\/\/www.botanik-sw.de\/BAS\/module\/wordpress\/index.php?rest_route=\/wp\/v2\/pages\/1052\/revisions"}],"predecessor-version":[{"id":2599,"href":"https:\/\/www.botanik-sw.de\/BAS\/module\/wordpress\/index.php?rest_route=\/wp\/v2\/pages\/1052\/revisions\/2599"}],"wp:attachment":[{"href":"https:\/\/www.botanik-sw.de\/BAS\/module\/wordpress\/index.php?rest_route=%2Fwp%2Fv2%2Fmedia&parent=1052"}],"curies":[{"name":"wp","href":"https:\/\/api.w.org\/{rel}","templated":true}]}}