{"id":1553,"date":"2016-06-28T14:01:06","date_gmt":"2016-06-28T13:01:06","guid":{"rendered":"http:\/\/www.botanik-sw.de\/BAS\/module\/wordpress\/?page_id=1553"},"modified":"2016-06-28T14:03:15","modified_gmt":"2016-06-28T13:03:15","slug":"veranstaltungen-und-termine","status":"publish","type":"page","link":"https:\/\/www.botanik-sw.de\/BAS\/module\/wordpress\/?page_id=1553","title":{"rendered":"Veranstaltungen und Termine"},"content":{"rendered":"<h4><a href=\"?p=950\">BAS: <\/a><\/h4>\n<h4>Hier finden Sie alle Termine der Botanische Arbeitsgemeinschaft S\u00fcdwestdeutschland e.V. sowie deren Arbeits- und Regionalgruppen.<\/h4>\n<h4><a href=\"?p=956\"><br \/>\nSonstige: <\/a><\/h4>\n<h4>Hier finden Sie Termine sonstiger lokaler Gruppen\/Vereine.<\/h4>\n<p>&nbsp;<\/p>\n<p><strong>Bieten Sie oder Ihre Organsisation Veranstaltungen im Themenbereich Botanik an? <\/strong><\/p>\n<p><strong>M\u00f6chten Sie Termine bekanntgeben, die zu den Aktivit\u00e4ten der Botanischen Arbeitsgemeinschaft passen oder unsere Mitglieder interessieren k\u00f6nnten?<\/strong><\/p>\n<p>Dann schreiben Sie uns gerne eine formloses E-Mail an &#8222;termine (at) botanik-sw.de&#8220; . Wir freuen uns besonders \u00fcber ausf\u00fchrliche Exkursionsank\u00fcndigungen wie z.B. die bereits erfolgte zum Banzenreuter Wald vom 17. Mai 2003. Lassen Sie sich doch auch von diesem &#8222;<a href=\"\/BAS\/media\/formular\/bas_banzenreut.pdf\">Muster<\/a>&#8220; inspirieren!<\/p>\n","protected":false},"excerpt":{"rendered":"<p>BAS: Hier finden Sie alle Termine der Botanische Arbeitsgemeinschaft S\u00fcdwestdeutschland e.V. sowie deren Arbeits- und Regionalgruppen. Sonstige: Hier finden Sie Termine sonstiger lokaler Gruppen\/Vereine. &nbsp; Bieten Sie oder Ihre Organsisation Veranstaltungen im Themenbereich Botanik an? M\u00f6chten Sie Termine bekanntgeben, die zu den Aktivit\u00e4ten der Botanischen Arbeitsgemeinschaft passen oder unsere Mitglieder interessieren k\u00f6nnten? Dann schreiben Sie [&hellip;]<\/p>\n","protected":false},"author":8,"featured_media":0,"parent":0,"menu_order":0,"comment_status":"closed","ping_status":"closed","template":"","meta":{"footnotes":""},"class_list":["post-1553","page","type-page","status-publish","czr-hentry"],"_links":{"self":[{"href":"https:\/\/www.botanik-sw.de\/BAS\/module\/wordpress\/index.php?rest_route=\/wp\/v2\/pages\/1553","targetHints":{"allow":["GET"]}}],"collection":[{"href":"https:\/\/www.botanik-sw.de\/BAS\/module\/wordpress\/index.php?rest_route=\/wp\/v2\/pages"}],"about":[{"href":"https:\/\/www.botanik-sw.de\/BAS\/module\/wordpress\/index.php?rest_route=\/wp\/v2\/types\/page"}],"author":[{"embeddable":true,"href":"https:\/\/www.botanik-sw.de\/BAS\/module\/wordpress\/index.php?rest_route=\/wp\/v2\/users\/8"}],"replies":[{"embeddable":true,"href":"https:\/\/www.botanik-sw.de\/BAS\/module\/wordpress\/index.php?rest_route=%2Fwp%2Fv2%2Fcomments&post=1553"}],"version-history":[{"count":6,"href":"https:\/\/www.botanik-sw.de\/BAS\/module\/wordpress\/index.php?rest_route=\/wp\/v2\/pages\/1553\/revisions"}],"predecessor-version":[{"id":1561,"href":"https:\/\/www.botanik-sw.de\/BAS\/module\/wordpress\/index.php?rest_route=\/wp\/v2\/pages\/1553\/revisions\/1561"}],"wp:attachment":[{"href":"https:\/\/www.botanik-sw.de\/BAS\/module\/wordpress\/index.php?rest_route=%2Fwp%2Fv2%2Fmedia&parent=1553"}],"curies":[{"name":"wp","href":"https:\/\/api.w.org\/{rel}","templated":true}]}}