{"id":3455,"date":"2026-03-06T19:53:59","date_gmt":"2026-03-06T18:53:59","guid":{"rendered":"https:\/\/www.botanik-sw.de\/BAS\/module\/wordpress\/?page_id=3455"},"modified":"2026-03-27T15:46:52","modified_gmt":"2026-03-27T14:46:52","slug":"oefs-stichprobenkartierung","status":"publish","type":"page","link":"https:\/\/www.botanik-sw.de\/BAS\/module\/wordpress\/?page_id=3455","title":{"rendered":"\u00d6FS-Stichprobenkartierung"},"content":{"rendered":"<table style=\"width: 100%; border-collapse: collapse; margin: 20px 0; border: 1px solid #ddd; background-color: #f9f9f9;\">\n<tbody>\n<tr>\n<td style=\"width: 33.33%; text-align: center; padding: 12px;\"><a style=\"text-decoration: none; font-size: 15px;\" href=\"https:\/\/www.botanik-sw.de\/BAS\/module\/wordpress\/?page_id=3485\">Kartierstand<\/a><\/td>\n<td style=\"width: 33.33%; text-align: center; padding: 12px;\"><a style=\"text-decoration: none; font-size: 15px;\" href=\"https:\/\/www.botanik-sw.de\/BAS\/module\/wordpress\/?page_id=3497\">Ergebnis\u00fcbersicht<\/a><\/td>\n<td style=\"width: 33.33%; text-align: center; padding: 12px;\"><a style=\"text-decoration: none; font-size: 15px;\" href=\"https:\/\/www.botanik-sw.de\/BAS\/module\/wordpress\/?page_id=3505\">Publikationen<\/a><\/td>\n<\/tr>\n<tr>\n<td style=\"padding: 20px 30px 20px 20px; vertical-align: top;\" colspan=\"2\">Mit der botanischen \u00d6FS-Stichprobenkartierung soll vorrangig die Bestandsentwicklung der h\u00e4ufigen und mittelh\u00e4ufigen Arten beobachtet werden. Die Erfassung m\u00f6glichst aller wild wachsenden Sippen an Farn- und Bl\u00fctenpflanzen erfolgt innerhalb von 403 \u00d6FS-Stichprobenfl\u00e4chen nach vorgegebener Methodik.<\/p>\n<p>Die Kartieranleitung steht <a href=\"https:\/\/www.botanik-sw.de\/BAS\/module\/wordpress\/wp-content\/uploads\/2026\/03\/Kartieranleitung_2026_02_06_BAS_OeFS_Erhebungen_.pdf\" target=\"_blank\" rel=\"noopener\">hier<\/a> zum Download bereit.<\/p>\n<p>Die BAS-App zur Erfassung kann bezogen werden \u00fcber norbert.hoell[at]gmx.de.<br \/>\n<a href=\"https:\/\/www.botanik-sw.de\/BAS\/module\/wordpress\/?page_id=3531\">Hier<\/a> erhalten Sie Informationen zur BAS App.<\/p>\n<p>Der LUBW Landesanstalt f\u00fcr Umwelt wird gedankt f\u00fcr die finanzielle Unterst\u00fctzung.<\/td>\n<td style=\"padding: 20px; vertical-align: top;\"><img decoding=\"async\" style=\"width: 100%; height: auto; border: 1px solid #ddd;\" src=\"https:\/\/www.botanik-sw.de\/BAS\/module\/wordpress\/wp-content\/uploads\/2026\/03\/Beispielflaeche.png\" alt=\"\u00d6FS Karte Beispiel\" \/><\/td>\n<\/tr>\n<\/tbody>\n<\/table>\n","protected":false},"excerpt":{"rendered":"<p>Kartierstand Ergebnis\u00fcbersicht Publikationen Mit der botanischen \u00d6FS-Stichprobenkartierung soll vorrangig die Bestandsentwicklung der h\u00e4ufigen und mittelh\u00e4ufigen Arten beobachtet werden. Die Erfassung m\u00f6glichst aller wild wachsenden Sippen an Farn- und Bl\u00fctenpflanzen erfolgt innerhalb von 403 \u00d6FS-Stichprobenfl\u00e4chen nach vorgegebener Methodik. Die Kartieranleitung steht hier zum Download bereit. Die BAS-App zur Erfassung kann bezogen werden \u00fcber norbert.hoell[at]gmx.de. Hier erhalten [&hellip;]<\/p>\n","protected":false},"author":11,"featured_media":0,"parent":1591,"menu_order":0,"comment_status":"closed","ping_status":"closed","template":"","meta":{"footnotes":""},"class_list":["post-3455","page","type-page","status-publish","czr-hentry"],"_links":{"self":[{"href":"https:\/\/www.botanik-sw.de\/BAS\/module\/wordpress\/index.php?rest_route=\/wp\/v2\/pages\/3455","targetHints":{"allow":["GET"]}}],"collection":[{"href":"https:\/\/www.botanik-sw.de\/BAS\/module\/wordpress\/index.php?rest_route=\/wp\/v2\/pages"}],"about":[{"href":"https:\/\/www.botanik-sw.de\/BAS\/module\/wordpress\/index.php?rest_route=\/wp\/v2\/types\/page"}],"author":[{"embeddable":true,"href":"https:\/\/www.botanik-sw.de\/BAS\/module\/wordpress\/index.php?rest_route=\/wp\/v2\/users\/11"}],"replies":[{"embeddable":true,"href":"https:\/\/www.botanik-sw.de\/BAS\/module\/wordpress\/index.php?rest_route=%2Fwp%2Fv2%2Fcomments&post=3455"}],"version-history":[{"count":31,"href":"https:\/\/www.botanik-sw.de\/BAS\/module\/wordpress\/index.php?rest_route=\/wp\/v2\/pages\/3455\/revisions"}],"predecessor-version":[{"id":3549,"href":"https:\/\/www.botanik-sw.de\/BAS\/module\/wordpress\/index.php?rest_route=\/wp\/v2\/pages\/3455\/revisions\/3549"}],"up":[{"embeddable":true,"href":"https:\/\/www.botanik-sw.de\/BAS\/module\/wordpress\/index.php?rest_route=\/wp\/v2\/pages\/1591"}],"wp:attachment":[{"href":"https:\/\/www.botanik-sw.de\/BAS\/module\/wordpress\/index.php?rest_route=%2Fwp%2Fv2%2Fmedia&parent=3455"}],"curies":[{"name":"wp","href":"https:\/\/api.w.org\/{rel}","templated":true}]}}