{"id":3485,"date":"2026-03-06T20:02:36","date_gmt":"2026-03-06T19:02:36","guid":{"rendered":"https:\/\/www.botanik-sw.de\/BAS\/module\/wordpress\/?page_id=3485"},"modified":"2026-03-09T16:04:40","modified_gmt":"2026-03-09T15:04:40","slug":"kartierstand","status":"publish","type":"page","link":"https:\/\/www.botanik-sw.de\/BAS\/module\/wordpress\/?page_id=3485","title":{"rendered":"Kartierstand"},"content":{"rendered":"<table style=\"width: 100%; border-collapse: collapse; margin: 20px 0; border: 1px solid #ddd; background-color: #f9f9f9;\">\n<tbody>\n<tr>\n<td style=\"width: 33.33%; text-align: center; padding: 12px;\"><a style=\"text-decoration: none; font-size: 15px;\" href=\"https:\/\/www.botanik-sw.de\/BAS\/module\/wordpress\/?page_id=3485\">Kartierstand<\/a><\/td>\n<td style=\"width: 33.33%; text-align: center; padding: 12px;\"><a style=\"text-decoration: none; font-size: 15px;\" href=\"https:\/\/www.botanik-sw.de\/BAS\/module\/wordpress\/?page_id=3497\">Ergebnis\u00fcbersicht<\/a><\/td>\n<td style=\"width: 33.33%; text-align: center; padding: 12px;\"><a style=\"text-decoration: none; font-size: 15px;\" href=\"https:\/\/www.botanik-sw.de\/BAS\/module\/wordpress\/?page_id=3505\">Publikationen<\/a><\/td>\n<\/tr>\n<\/tbody>\n<\/table>\n<table style=\"width: 100%; border: none; margin-top: 20px;\">\n<tbody>\n<tr>\n<td style=\"width: 60%; padding-right: 30px; vertical-align: top;\">\n<h2>Bearbeitungsstand 2025<\/h2>\n<ul>\n<li>309 von 403 Fl\u00e4chen erstkartiert (77%)<\/li>\n<li>94 von 403 Fl\u00e4chen noch nicht kartiert (23%)<\/li>\n<li>16 Fl\u00e4chen wiederholt kartiert (4%)<\/li>\n<\/ul>\n<h2>Planung 2026<\/h2>\n<ul>\n<li>Kartierung von 33 Fl\u00e4chen\n<ul>\n<li>davon 19 Fl\u00e4chen zur Erstkartierung<\/li>\n<li>davon 14 Fl\u00e4chen zur Wiederholungskartierung<\/li>\n<\/ul>\n<\/li>\n<\/ul>\n<\/td>\n<td style=\"width: 40%; vertical-align: top;\"><a href=\"https:\/\/www.botanik-sw.de\/BAS\/module\/wordpress\/wp-content\/uploads\/2026\/03\/Kartierstand_2026-scaled.png\" target=\"_blank\" rel=\"noopener\"><br \/>\n<img decoding=\"async\" style=\"width: 100%; height: auto; border: 1px solid #ddd; cursor: pointer;\" src=\"https:\/\/www.botanik-sw.de\/BAS\/module\/wordpress\/wp-content\/uploads\/2026\/03\/Kartierstand_2026-scaled.png\" alt=\"Kartierstand \u00d6FS 2026 - Klicken zum Vergr\u00f6\u00dfern\" \/><br \/>\n<\/a><\/p>\n<p style=\"text-align: center; font-size: 12px; color: #666; margin-top: 5px;\">Klicken zum Vergr\u00f6\u00dfern<\/p>\n<\/td>\n<\/tr>\n<\/tbody>\n<\/table>\n","protected":false},"excerpt":{"rendered":"<p>Kartierstand Ergebnis\u00fcbersicht Publikationen Bearbeitungsstand 2025 309 von 403 Fl\u00e4chen erstkartiert (77%) 94 von 403 Fl\u00e4chen noch nicht kartiert (23%) 16 Fl\u00e4chen wiederholt kartiert (4%) Planung 2026 Kartierung von 33 Fl\u00e4chen davon 19 Fl\u00e4chen zur Erstkartierung davon 14 Fl\u00e4chen zur Wiederholungskartierung Klicken zum Vergr\u00f6\u00dfern<\/p>\n","protected":false},"author":11,"featured_media":0,"parent":3455,"menu_order":0,"comment_status":"closed","ping_status":"closed","template":"","meta":{"footnotes":""},"class_list":["post-3485","page","type-page","status-publish","czr-hentry"],"_links":{"self":[{"href":"https:\/\/www.botanik-sw.de\/BAS\/module\/wordpress\/index.php?rest_route=\/wp\/v2\/pages\/3485","targetHints":{"allow":["GET"]}}],"collection":[{"href":"https:\/\/www.botanik-sw.de\/BAS\/module\/wordpress\/index.php?rest_route=\/wp\/v2\/pages"}],"about":[{"href":"https:\/\/www.botanik-sw.de\/BAS\/module\/wordpress\/index.php?rest_route=\/wp\/v2\/types\/page"}],"author":[{"embeddable":true,"href":"https:\/\/www.botanik-sw.de\/BAS\/module\/wordpress\/index.php?rest_route=\/wp\/v2\/users\/11"}],"replies":[{"embeddable":true,"href":"https:\/\/www.botanik-sw.de\/BAS\/module\/wordpress\/index.php?rest_route=%2Fwp%2Fv2%2Fcomments&post=3485"}],"version-history":[{"count":8,"href":"https:\/\/www.botanik-sw.de\/BAS\/module\/wordpress\/index.php?rest_route=\/wp\/v2\/pages\/3485\/revisions"}],"predecessor-version":[{"id":3515,"href":"https:\/\/www.botanik-sw.de\/BAS\/module\/wordpress\/index.php?rest_route=\/wp\/v2\/pages\/3485\/revisions\/3515"}],"up":[{"embeddable":true,"href":"https:\/\/www.botanik-sw.de\/BAS\/module\/wordpress\/index.php?rest_route=\/wp\/v2\/pages\/3455"}],"wp:attachment":[{"href":"https:\/\/www.botanik-sw.de\/BAS\/module\/wordpress\/index.php?rest_route=%2Fwp%2Fv2%2Fmedia&parent=3485"}],"curies":[{"name":"wp","href":"https:\/\/api.w.org\/{rel}","templated":true}]}}