{"id":3531,"date":"2026-03-24T17:58:26","date_gmt":"2026-03-24T16:58:26","guid":{"rendered":"https:\/\/www.botanik-sw.de\/BAS\/module\/wordpress\/?page_id=3531"},"modified":"2026-03-24T18:21:21","modified_gmt":"2026-03-24T17:21:21","slug":"bas-app","status":"publish","type":"page","link":"https:\/\/www.botanik-sw.de\/BAS\/module\/wordpress\/?page_id=3531","title":{"rendered":"BAS-App"},"content":{"rendered":"<div>\n<ul>\n<li>Basiert auf der App des Schweizer Biodiversit\u00e4tsmonitorings<\/li>\n<li>Nutzung durch BAS-Mitglieder<\/li>\n<li>Erfassung von Pflanzenarten auf mobilen Ger\u00e4ten<\/li>\n<li>Deutsche Florenliste als Referenz hinterlegt<\/li>\n<li>Erfassung von sicheren und unsicheren Funden m\u00f6glich<\/li>\n<li>Koordinaten werden automatisch erfasst<\/li>\n<li>Weltweit einsetzbar<\/li>\n<li>CSV-Export und Import in die BAS-Datenbank<\/li>\n<\/ul>\n<p><a href=\"https:\/\/www.botanik-sw.de\/BAS\/module\/wordpress\/wp-content\/uploads\/2026\/03\/BAS-App-Anleitung-231024.pdf\" target=\"_blank\" rel=\"noopener\">Hier<\/a> zum Download der Handreichung<\/p>\n<p>Die BAS-App kann bezogen werden \u00fcber norbert.hoell[at]gmx.de.<\/p>\n<p><em>Dank an das Schweizer Biodiversit\u00e4tsmonitoring.<\/em><\/p>\n<\/div>\n<p><!-- Bilder --><\/p>\n<div style=\"display: flex; justify-content: center; align-items: flex-start; flex-wrap: nowrap; gap: 1.2rem; margin-top: 2rem;\"><img decoding=\"async\" style=\"width: 48%; max-width: 200px; height: auto; border-radius: 12px; box-shadow: 0 4px 12px rgba(0,0,0,0.15);\" src=\"https:\/\/www.botanik-sw.de\/BAS\/module\/wordpress\/wp-content\/uploads\/2026\/03\/App_1.jpg\" alt=\"App Screenshot 1\" \/> <img decoding=\"async\" style=\"width: 48%; max-width: 200px; height: auto; border-radius: 12px; box-shadow: 0 4px 12px rgba(0,0,0,0.15);\" src=\"https:\/\/www.botanik-sw.de\/BAS\/module\/wordpress\/wp-content\/uploads\/2026\/03\/App_2.jpg\" alt=\"App Screenshot 2\" \/><\/div>\n","protected":false},"excerpt":{"rendered":"<p>Basiert auf der App des Schweizer Biodiversit\u00e4tsmonitorings Nutzung durch BAS-Mitglieder Erfassung von Pflanzenarten auf mobilen Ger\u00e4ten Deutsche Florenliste als Referenz hinterlegt Erfassung von sicheren und unsicheren Funden m\u00f6glich Koordinaten werden automatisch erfasst Weltweit einsetzbar CSV-Export und Import in die BAS-Datenbank Hier zum Download der Handreichung Die BAS-App kann bezogen werden \u00fcber norbert.hoell[at]gmx.de. Dank an das [&hellip;]<\/p>\n","protected":false},"author":11,"featured_media":0,"parent":0,"menu_order":0,"comment_status":"closed","ping_status":"closed","template":"","meta":{"footnotes":""},"class_list":["post-3531","page","type-page","status-publish","czr-hentry"],"_links":{"self":[{"href":"https:\/\/www.botanik-sw.de\/BAS\/module\/wordpress\/index.php?rest_route=\/wp\/v2\/pages\/3531","targetHints":{"allow":["GET"]}}],"collection":[{"href":"https:\/\/www.botanik-sw.de\/BAS\/module\/wordpress\/index.php?rest_route=\/wp\/v2\/pages"}],"about":[{"href":"https:\/\/www.botanik-sw.de\/BAS\/module\/wordpress\/index.php?rest_route=\/wp\/v2\/types\/page"}],"author":[{"embeddable":true,"href":"https:\/\/www.botanik-sw.de\/BAS\/module\/wordpress\/index.php?rest_route=\/wp\/v2\/users\/11"}],"replies":[{"embeddable":true,"href":"https:\/\/www.botanik-sw.de\/BAS\/module\/wordpress\/index.php?rest_route=%2Fwp%2Fv2%2Fcomments&post=3531"}],"version-history":[{"count":10,"href":"https:\/\/www.botanik-sw.de\/BAS\/module\/wordpress\/index.php?rest_route=\/wp\/v2\/pages\/3531\/revisions"}],"predecessor-version":[{"id":3545,"href":"https:\/\/www.botanik-sw.de\/BAS\/module\/wordpress\/index.php?rest_route=\/wp\/v2\/pages\/3531\/revisions\/3545"}],"wp:attachment":[{"href":"https:\/\/www.botanik-sw.de\/BAS\/module\/wordpress\/index.php?rest_route=%2Fwp%2Fv2%2Fmedia&parent=3531"}],"curies":[{"name":"wp","href":"https:\/\/api.w.org\/{rel}","templated":true}]}}