{"id":85,"date":"2007-03-06T17:35:22","date_gmt":"2007-03-06T16:35:22","guid":{"rendered":"http:\/\/www.botanik-sw.de\/BAS\/module\/wordpress\/?page_id=85"},"modified":"2016-07-05T09:18:00","modified_gmt":"2016-07-05T08:18:00","slug":"arbeitskreis-characeen-2","status":"publish","type":"page","link":"https:\/\/www.botanik-sw.de\/BAS\/module\/wordpress\/?page_id=85","title":{"rendered":"Arbeitskreis Characeen"},"content":{"rendered":"<p class=\"text0\"><a title=\"algen_logo.jpg\" href=\"\/bas\/module\/wordpress\/wp-content\/uploads\/2007\/03\/algen_logo.jpg\"><img decoding=\"async\" class=\"alignright\" title=\"algen_logo.jpg\" src=\"\/bas\/module\/wordpress\/wp-content\/uploads\/2007\/03\/algen_logo.thumbnail.jpg\" alt=\"algen_logo.jpg\" align=\"right\" \/><\/a>Der Arbeitskreis Characeen m\u00f6chte die Vernetzung und den Austausch der Personen f\u00f6rdern, die sich im Land Baden-W\u00fcrttemberg mit Characeen besch\u00e4ftigen, und kooperiert mit der <a href=\"http:\/\/www.biologie.uni-rostock.de\/oekologie\/oekologie\/agcd\/index.htm\">Arbeitsgruppe Characeen Deutschlands<\/a>. Er tr\u00e4gt Kenntnisse \u00fcber die aktuelle Verbreitung und Gef\u00e4hrdung von Armleuchteralgen in S\u00fcdwestdeutschland zusammen und f\u00fchrt Exkursionen und Fortbildungsveranstaltungen durch. Diese Daten werden auch in den geplanten bundesweiten Verbreitungsatlas einflie\u00dfen, den die Arbeitsgruppe Characeen Deutschlands erarbeitet.<\/p>\n<p class=\"text0\">\n<p class=\"text0\">An einer Mitarbeit im AK Characeen Interessierte k\u00f6nnen sich melden bei A. Radkowitsch (Tel.: 07231\/788897 oder E-Mail: a.radkowitsch (at) t-online.de, Hohenwarterstr. 1, 75181 Pforzheim). Funde (Lebendmaterial in Plastikt\u00fcte oder Filmd\u00f6schen) bzw. Fundmeldungen k\u00f6nnen an obige Adresse gerichtet werden.<\/p>\n<p class=\"text0\">Internetadresse:<br \/>\n<a href=\"http:\/\/www.biologie.uni-rostock.de\/oekologie\/agcd\/index.htm\">http:\/\/www.biologie.uni-rostock.de\/oekologie\/agcd\/index.htm<\/a>.<\/p>\n<p class=\"text0\">\n<p><img loading=\"lazy\" decoding=\"async\" src=\"\/BAS\/media\/grafik\/charac1.gif\" alt=\"\" width=\"451\" height=\"250\" \/><\/p>\n","protected":false},"excerpt":{"rendered":"<p>Der Arbeitskreis Characeen m\u00f6chte die Vernetzung und den Austausch der Personen f\u00f6rdern, die sich im Land Baden-W\u00fcrttemberg mit Characeen besch\u00e4ftigen, und kooperiert mit der Arbeitsgruppe Characeen Deutschlands. Er tr\u00e4gt Kenntnisse \u00fcber die aktuelle Verbreitung und Gef\u00e4hrdung von Armleuchteralgen in S\u00fcdwestdeutschland zusammen und f\u00fchrt Exkursionen und Fortbildungsveranstaltungen durch. Diese Daten werden auch in den geplanten bundesweiten [&hellip;]<\/p>\n","protected":false},"author":4,"featured_media":0,"parent":0,"menu_order":0,"comment_status":"closed","ping_status":"closed","template":"","meta":{"footnotes":""},"class_list":["post-85","page","type-page","status-publish","czr-hentry"],"_links":{"self":[{"href":"https:\/\/www.botanik-sw.de\/BAS\/module\/wordpress\/index.php?rest_route=\/wp\/v2\/pages\/85","targetHints":{"allow":["GET"]}}],"collection":[{"href":"https:\/\/www.botanik-sw.de\/BAS\/module\/wordpress\/index.php?rest_route=\/wp\/v2\/pages"}],"about":[{"href":"https:\/\/www.botanik-sw.de\/BAS\/module\/wordpress\/index.php?rest_route=\/wp\/v2\/types\/page"}],"author":[{"embeddable":true,"href":"https:\/\/www.botanik-sw.de\/BAS\/module\/wordpress\/index.php?rest_route=\/wp\/v2\/users\/4"}],"replies":[{"embeddable":true,"href":"https:\/\/www.botanik-sw.de\/BAS\/module\/wordpress\/index.php?rest_route=%2Fwp%2Fv2%2Fcomments&post=85"}],"version-history":[{"count":4,"href":"https:\/\/www.botanik-sw.de\/BAS\/module\/wordpress\/index.php?rest_route=\/wp\/v2\/pages\/85\/revisions"}],"predecessor-version":[{"id":1601,"href":"https:\/\/www.botanik-sw.de\/BAS\/module\/wordpress\/index.php?rest_route=\/wp\/v2\/pages\/85\/revisions\/1601"}],"wp:attachment":[{"href":"https:\/\/www.botanik-sw.de\/BAS\/module\/wordpress\/index.php?rest_route=%2Fwp%2Fv2%2Fmedia&parent=85"}],"curies":[{"name":"wp","href":"https:\/\/api.w.org\/{rel}","templated":true}]}}