{"id":997,"date":"2016-01-30T18:13:32","date_gmt":"2016-01-30T17:13:32","guid":{"rendered":"http:\/\/www.botanik-sw.de\/BAS\/module\/wordpress\/?page_id=997"},"modified":"2018-07-21T14:55:24","modified_gmt":"2018-07-21T13:55:24","slug":"aufnahmeantrag","status":"publish","type":"page","link":"https:\/\/www.botanik-sw.de\/BAS\/module\/wordpress\/?page_id=997","title":{"rendered":"Aufnahmeantrag"},"content":{"rendered":"<p>Als Mitglied der Botanischen Arbeitsgemeinschaft S\u00fcdwestdeutschland e.V. erhalten Sie die Ver\u00f6ffentlichungen des Vereins unentgeltlich per Post zugesandt. \u00dcber aktuelle Veranstaltungen des Vereins informieren wir Sie regelm\u00e4\u00dfig per E-Mail. Alle weiteren Informationen zur Mitgliedschaft k\u00f6nnen Sie der <a href=\"http:\/\/www.botanik-sw.de\/BAS\/module\/wordpress\/?page_id=992\">Satzung <\/a>entnehmen.<\/p>\n<p><!-- alter Link\n<a href=\"http:\/\/www.botanik-sw.de\/BAS\/module\/wordpress\/wp-content\/uploads\/2016\/04\/beitrittserkl\u00e4rung_2016-04.pdf\" target=\"_blank\" rel=\"noopener\"><strong>Aufnahmeantrag als pdf<\/strong><\/a>\n--><\/p>\n<p><a href=\"http:\/\/www.botanik-sw.de\/BAS\/module\/wordpress\/wp-content\/uploads\/2018\/07\/beitrittserkl\u00e4rung_20180715.pdf\" target=\"_blank\" rel=\"noopener\"><strong>Aufnahmeantrag als pdf<\/strong><\/a><\/p>\n<p>&nbsp;<\/p>\n<p>Zum Ausdrucken des pdf-files k\u00f6nnen Sie hier den kostenlosen <a href=\"http:\/\/www.adobe.com\/products\/acrobat\/readstep.html\" target=\"_blank\" rel=\"noopener\">Acrobat-Reader erhalten<\/a><\/p>\n","protected":false},"excerpt":{"rendered":"<p>Als Mitglied der Botanischen Arbeitsgemeinschaft S\u00fcdwestdeutschland e.V. erhalten Sie die Ver\u00f6ffentlichungen des Vereins unentgeltlich per Post zugesandt. \u00dcber aktuelle Veranstaltungen des Vereins informieren wir Sie regelm\u00e4\u00dfig per E-Mail. Alle weiteren Informationen zur Mitgliedschaft k\u00f6nnen Sie der Satzung entnehmen. Aufnahmeantrag als pdf &nbsp; Zum Ausdrucken des pdf-files k\u00f6nnen Sie hier den kostenlosen Acrobat-Reader erhalten<\/p>\n","protected":false},"author":1,"featured_media":0,"parent":0,"menu_order":0,"comment_status":"closed","ping_status":"closed","template":"","meta":{"footnotes":""},"class_list":["post-997","page","type-page","status-publish","czr-hentry"],"_links":{"self":[{"href":"https:\/\/www.botanik-sw.de\/BAS\/module\/wordpress\/index.php?rest_route=\/wp\/v2\/pages\/997","targetHints":{"allow":["GET"]}}],"collection":[{"href":"https:\/\/www.botanik-sw.de\/BAS\/module\/wordpress\/index.php?rest_route=\/wp\/v2\/pages"}],"about":[{"href":"https:\/\/www.botanik-sw.de\/BAS\/module\/wordpress\/index.php?rest_route=\/wp\/v2\/types\/page"}],"author":[{"embeddable":true,"href":"https:\/\/www.botanik-sw.de\/BAS\/module\/wordpress\/index.php?rest_route=\/wp\/v2\/users\/1"}],"replies":[{"embeddable":true,"href":"https:\/\/www.botanik-sw.de\/BAS\/module\/wordpress\/index.php?rest_route=%2Fwp%2Fv2%2Fcomments&post=997"}],"version-history":[{"count":17,"href":"https:\/\/www.botanik-sw.de\/BAS\/module\/wordpress\/index.php?rest_route=\/wp\/v2\/pages\/997\/revisions"}],"predecessor-version":[{"id":2100,"href":"https:\/\/www.botanik-sw.de\/BAS\/module\/wordpress\/index.php?rest_route=\/wp\/v2\/pages\/997\/revisions\/2100"}],"wp:attachment":[{"href":"https:\/\/www.botanik-sw.de\/BAS\/module\/wordpress\/index.php?rest_route=%2Fwp%2Fv2%2Fmedia&parent=997"}],"curies":[{"name":"wp","href":"https:\/\/api.w.org\/{rel}","templated":true}]}}